{"id":969,"date":"2017-05-29T12:06:53","date_gmt":"2017-05-29T12:06:53","guid":{"rendered":"http:\/\/xn--paartherapie-mnsterland-ppc.de\/?page_id=969"},"modified":"2021-03-17T22:55:27","modified_gmt":"2021-03-17T22:55:27","slug":"lage","status":"publish","type":"page","link":"https:\/\/xn--paartherapie-mnsterland-ppc.de\/index.php\/lage\/","title":{"rendered":"Lage"},"content":{"rendered":"<p>Meine Praxis befindet sich in Steinfurt &#8211; Wilmsberg, im Herzen vom\u00a0M\u00fcnsterland, im Kreis Steinfurt.<\/p>\n<p>Zu mir in die Paartherapie kommen Menschen aus Laer, Emsdetten, Greven und Altenberge, genauso wie aus den Orten Borghorst, Havixbeck, Ochtrup, Nordwalde, M\u00fcnster und Rheine.<\/p>\n<p>Meine Praxis befindet sich g\u00fcnstig gelegen, mit Anbindung an die Bundesstra\u00dfe 54.<br \/>\nVor dem Geb\u00e4ude stehen Ihnen kostenlose Parkpl\u00e4tze zur Verf\u00fcgung.<br \/>\nAber auch mit dem Bus k\u00f6nnen\u00a0Sie, dank der fu\u00dfl\u00e4ufig erreichbaren Haltestelle &#8222;Bleicherei, Wilmsberg&#8220;, meine Praxis erreichen.<\/p>\n<p>F\u00fcr die Anfahrt aus Altenberge, sowie Emsdetten, Greven und Laer ben\u00f6tigen Sie etwa 15-20 Minuten mit dem Auto.<br \/>\nAus Nordwalde sind es sogar nur 5 Minuten.<\/p>\n<p>Wenn Sie aus Havixbeck oder Ochtrup zu mir in die Paartherapie kommen m\u00f6chten, ben\u00f6tigen Sie ca. 25 &#8211; 30 Minuten.<br \/>\nIn ungef\u00e4hr der gleichen Zeit erreichen Sie mich aus M\u00fcnster und Rheine.<\/p>\n<p>F\u00fcr die Anfahrt mit der Bahn erreichen Sie mich am besten aus den Orten Altenberge, Nordwalde, Gronau, Nienberge und M\u00fcnster.<\/p>\n<p>Mit dem Bus bin ich in guter Erreichbarkeit zu den Orten Nordwalde, Altenberge, M\u00fcnster, Greven, Nienberge und Steinfurt.<\/p>\n<p><a href=\"http:\/\/xn--paartherapie-mnsterland-ppc.de\/\">Zur\u00fcck zur Startseite<\/a><\/p>\n","protected":false},"excerpt":{"rendered":"<p>Meine Praxis befindet sich in Steinfurt &#8211; Wilmsberg, im Herzen vom\u00a0M\u00fcnsterland, im Kreis Steinfurt. Zu mir in die Paartherapie kommen Menschen aus Laer, Emsdetten, Greven und Altenberge, genauso wie aus den Orten Borghorst, Havixbeck, Ochtrup, Nordwalde, M\u00fcnster und Rheine. Meine Praxis befindet sich g\u00fcnstig gelegen, mit Anbindung an die Bundesstra\u00dfe 54. Vor dem Geb\u00e4ude stehen [&hellip;]<\/p>\n","protected":false},"author":1,"featured_media":0,"parent":0,"menu_order":0,"comment_status":"closed","ping_status":"closed","template":"","meta":{"_exactmetrics_skip_tracking":false,"_exactmetrics_sitenote_active":false,"_exactmetrics_sitenote_note":"","_exactmetrics_sitenote_category":0,"footnotes":""},"class_list":["post-969","page","type-page","status-publish","hentry"],"_links":{"self":[{"href":"https:\/\/xn--paartherapie-mnsterland-ppc.de\/index.php\/wp-json\/wp\/v2\/pages\/969","targetHints":{"allow":["GET"]}}],"collection":[{"href":"https:\/\/xn--paartherapie-mnsterland-ppc.de\/index.php\/wp-json\/wp\/v2\/pages"}],"about":[{"href":"https:\/\/xn--paartherapie-mnsterland-ppc.de\/index.php\/wp-json\/wp\/v2\/types\/page"}],"author":[{"embeddable":true,"href":"https:\/\/xn--paartherapie-mnsterland-ppc.de\/index.php\/wp-json\/wp\/v2\/users\/1"}],"replies":[{"embeddable":true,"href":"https:\/\/xn--paartherapie-mnsterland-ppc.de\/index.php\/wp-json\/wp\/v2\/comments?post=969"}],"version-history":[{"count":4,"href":"https:\/\/xn--paartherapie-mnsterland-ppc.de\/index.php\/wp-json\/wp\/v2\/pages\/969\/revisions"}],"predecessor-version":[{"id":1034,"href":"https:\/\/xn--paartherapie-mnsterland-ppc.de\/index.php\/wp-json\/wp\/v2\/pages\/969\/revisions\/1034"}],"wp:attachment":[{"href":"https:\/\/xn--paartherapie-mnsterland-ppc.de\/index.php\/wp-json\/wp\/v2\/media?parent=969"}],"curies":[{"name":"wp","href":"https:\/\/api.w.org\/{rel}","templated":true}]}}