{"id":848,"date":"2017-05-10T20:15:14","date_gmt":"2017-05-10T20:15:14","guid":{"rendered":"http:\/\/xn--paartherapie-mnsterland-ppc.de\/?page_id=848"},"modified":"2021-03-18T11:11:33","modified_gmt":"2021-03-18T11:11:33","slug":"so-kann-ich-ihnen-helfen","status":"publish","type":"page","link":"https:\/\/xn--paartherapie-mnsterland-ppc.de\/index.php\/so-kann-ich-ihnen-helfen\/","title":{"rendered":"So kann ich Ihnen helfen"},"content":{"rendered":"<p>Zun\u00e4chst einmal h\u00f6re ich Ihnen zu. Zwischendurch stelle ich Fragen. Damit vergewissere ich mich zum einen, ob ich Sie richtig verstanden habe. Und zum anderen m\u00f6chte ich Sie damit anregen, sich neue und vielleicht ungew\u00f6hnliche Gedanken zu ihrer problematischen Situation zu machen.<\/p>\n<p>In der Paarberatung liefere ich Ihnen zum Beispiel Informationen \u00fcber\u00a0Bindungsbed\u00fcrfnisse,\u00a0Beziehungsdynamiken, \u00fcber gelungene Kommunikation oder \u00fcber die physiologischen Grundlagen der Sexualit\u00e4t. Diese Informationen helfen Ihnen, Ihre Situation einzuordnen und besser zu verstehen. Paaren biete ich einen sicheren Rahmen. Hier d\u00fcrfen Gedanken, Gef\u00fchle, W\u00fcnsche und Bed\u00fcrfnisse ausgesprochen werden.<\/p>\n<p>Ob Paar oder Einzelperson, nur wer das Ziel kennt, kann den Weg dorthin einschlagen. Wir formulieren gemeinsam Ihr Ziel und legen erste Schritte fest, mit denen Sie Ihrem Ziel n\u00e4her kommen. Je nach Situation gebe ich Ihnen \u201eHausaufgaben\u201c auf. Denn eine Ver\u00e4nderung stellt sich nur durch ein ver\u00e4ndertes Verhalten ein.<\/p>\n","protected":false},"excerpt":{"rendered":"<p>Zun\u00e4chst einmal h\u00f6re ich Ihnen zu. Zwischendurch stelle ich Fragen. Damit vergewissere ich mich zum einen, ob ich Sie richtig verstanden habe. Und zum anderen m\u00f6chte ich Sie damit anregen, sich neue und vielleicht ungew\u00f6hnliche Gedanken zu ihrer problematischen Situation zu machen. In der Paarberatung liefere ich Ihnen zum Beispiel Informationen \u00fcber\u00a0Bindungsbed\u00fcrfnisse,\u00a0Beziehungsdynamiken, \u00fcber gelungene Kommunikation [&hellip;]<\/p>\n","protected":false},"author":1,"featured_media":0,"parent":0,"menu_order":0,"comment_status":"closed","ping_status":"closed","template":"","meta":{"_exactmetrics_skip_tracking":false,"_exactmetrics_sitenote_active":false,"_exactmetrics_sitenote_note":"","_exactmetrics_sitenote_category":0,"footnotes":""},"class_list":["post-848","page","type-page","status-publish","hentry"],"_links":{"self":[{"href":"https:\/\/xn--paartherapie-mnsterland-ppc.de\/index.php\/wp-json\/wp\/v2\/pages\/848","targetHints":{"allow":["GET"]}}],"collection":[{"href":"https:\/\/xn--paartherapie-mnsterland-ppc.de\/index.php\/wp-json\/wp\/v2\/pages"}],"about":[{"href":"https:\/\/xn--paartherapie-mnsterland-ppc.de\/index.php\/wp-json\/wp\/v2\/types\/page"}],"author":[{"embeddable":true,"href":"https:\/\/xn--paartherapie-mnsterland-ppc.de\/index.php\/wp-json\/wp\/v2\/users\/1"}],"replies":[{"embeddable":true,"href":"https:\/\/xn--paartherapie-mnsterland-ppc.de\/index.php\/wp-json\/wp\/v2\/comments?post=848"}],"version-history":[{"count":7,"href":"https:\/\/xn--paartherapie-mnsterland-ppc.de\/index.php\/wp-json\/wp\/v2\/pages\/848\/revisions"}],"predecessor-version":[{"id":1052,"href":"https:\/\/xn--paartherapie-mnsterland-ppc.de\/index.php\/wp-json\/wp\/v2\/pages\/848\/revisions\/1052"}],"wp:attachment":[{"href":"https:\/\/xn--paartherapie-mnsterland-ppc.de\/index.php\/wp-json\/wp\/v2\/media?parent=848"}],"curies":[{"name":"wp","href":"https:\/\/api.w.org\/{rel}","templated":true}]}}