{"id":774,"date":"2017-05-10T12:09:35","date_gmt":"2017-05-10T12:09:35","guid":{"rendered":"http:\/\/xn--paartherapie-mnsterland-ppc.de\/?page_id=774"},"modified":"2023-08-08T13:16:43","modified_gmt":"2023-08-08T13:16:43","slug":"sexualberatung","status":"publish","type":"page","link":"https:\/\/xn--paartherapie-mnsterland-ppc.de\/index.php\/sexualberatung\/","title":{"rendered":"Sexualberatung"},"content":{"rendered":"<p>[vc_row full_width=&#8220;0&#8243; full_height=&#8220;0&#8243; particles=&#8220;0&#8243; css=&#8220;.vc_custom_1457512674147{padding-bottom: 96px !important;}&#8220;][vc_column][vc_empty_space height=&#8220;64px&#8220;][\/vc_column][vc_column el_class=&#8220;col-md-push-6&#8243; width=&#8220;1\/2&#8243;]<div class=\"pl_fixed_ratio_media   vc_custom_1495619732733\">\n    <div class=\"stretchy_wrapper ratio_16-9   bg_vtop\" style=\"background-image: url('https:\/\/paartherapie-m\u00fcnsterland.de\/wp-content\/uploads\/2017\/05\/Bryan-Brenneman-She-is-my-drug.jpg');\">\n      <img decoding=\"async\" alt=\"\" src=\"https:\/\/paartherapie-m\u00fcnsterland.de\/wp-content\/uploads\/2017\/05\/Bryan-Brenneman-She-is-my-drug.jpg\">\n    <\/div>\n\n<\/div>[\/vc_column][vc_column el_class=&#8220;col-md-pull-6&#8243; width=&#8220;1\/2&#8243;][vc_column_text]In unserer Gesellschaft ist Sex allgegenw\u00e4rtig. Trotzdem herrscht immer \u00f6fter Flaute im Bett. Vielen Menschen f\u00e4llt es schwer, \u00fcber ihre sexuelle Unzufriedenheit und\/oder ihre sexuellen Probleme zu sprechen. Oft fehlen die richtigen Worte. Zu gro\u00df ist die Angst, den anderen zu verletzen oder selbst verletzt zu werden.<\/p>\n<p>Ich biete Sexualberatung f\u00fcr Paare sowie f\u00fcr Einzelpersonen. Gemeinsam finden wir die richtigen Worte. Bei mir k\u00f6nnen Sie \u201eunerh\u00f6rtes\u201c aussprechen. Als Paartherapeut unterliege ich der Schweigepflicht. Sie formulieren Ihr Anliegen \/ Ihr Ziel. Zusammen suchen wir nach Wegen, wie Sie Ihr Ziel erreichen.<\/p>\n<p>F\u00fcr ein sexuelles Problem gibt es nicht die eine Ursache. Sexualit\u00e4t ist vielschichtig und komplex. Daher ist sie sehr st\u00f6rungsanf\u00e4llig.<\/p>\n<p>&nbsp;<\/p>\n<p>M\u00f6gliche Symptome:<\/p>\n<ul>\n<li>Lustlosigkeit<\/li>\n<li>Schmerzen beim Sex<\/li>\n<li>St\u00f6rung der Erregung<\/li>\n<li>St\u00f6rung des Orgasmus<\/li>\n<li>Vaginismus (Scheidenkrampf)<\/li>\n<li>Erektionsst\u00f6rungen<\/li>\n<li>Ejaculation praecox (vorzeitiger Samenerguss)<\/li>\n<li>Sexsucht<\/li>\n<li>Pornosucht<\/li>\n<li>u. a. m.<\/li>\n<\/ul>\n<p>&nbsp;<\/p>\n<p>In der Beratung vermittele ich Ihnen Informationen und Wissen zu den k\u00f6rperlichen Abl\u00e4ufen. Des Weiteren schauen wir auf die verschiedenen Aspekte, die Einfluss auf Ihr sexuelles Erleben haben. Das sind:<\/p>\n<ul>\n<li>die k\u00f6rperliche Ebene<\/li>\n<li>die mentale Ebene<\/li>\n<li>die emotionale Ebene<\/li>\n<li>die Beziehungsebene<\/li>\n<\/ul>\n<p>Die Erforschung der verschiedenen Ebenen der Sexualit\u00e4t erfolgt in mehreren Sitzungen.<\/p>\n<p>&nbsp;<\/p>\n<p><b>Kosten:<\/b><\/p>\n<p>F\u00fcr Paare: 100 Euro \/ Std.<\/p>\n<p>F\u00fcr Einzelpersonen: 80 Euro \/ Std.[\/vc_column_text][\/vc_column][\/vc_row][vc_row color_set=&#8220;secondary_section&#8220; full_width=&#8220;0&#8243; full_height=&#8220;0&#8243; sep_bottom=&#8220;separator_bottom sep_angled_positive_bottom&#8220; particles=&#8220;0&#8243; css=&#8220;.vc_custom_1457511086992{padding-top: 96px !important;padding-bottom: 64px !important;}&#8220;][vc_column width=&#8220;2\/3&#8243; offset=&#8220;vc_col-sm-offset-2&#8243;][vc_column_text]<\/p>\n<h3 style=\"text-align: center;\">Das Erstgespr\u00e4ch:<\/h3>\n<h3 style=\"text-align: center;\">Der Beginn von Ver\u00e4nderung.<\/h3>\n<h3 style=\"text-align: center;\">Ich biete Ihnen kurzfristig einen Termin f\u00fcr ein Erstgespr\u00e4ch.<\/h3>\n<p>[\/vc_column_text][\/vc_column][\/vc_row][vc_row color_set=&#8220;black_section&#8220; full_width=&#8220;0&#8243; full_height=&#8220;0&#8243; transparent_overlay=&#8220;transparent_film&#8220; background=&#8220;bgimage&#8220; bgimage=&#8220;612&#8243; parallax=&#8220;1&#8243;][vc_column]<div class=\"section_header subtitle_bottom   fancy text-center\">\n\n    <h2>Ich freue mich auf Sie!<\/h2>\n\n\n        <p ><\/p>\n<\/div><div class=\"plethora_button wpb_content_element   text-center \">\n    <a href=\"http:\/\/xn--paartherapie-mnsterland-ppc.de\/index.php\/connect\/\" debug class=\" btn btn-secondary with-icon icon-right\" title=\"\"  target=\"_self\">\n\n        \n        Termin vereinbaren\n         <i class=\"fa fa-check\"><\/i> \n\n    <\/a>\n<\/div>[\/vc_column][\/vc_row]<\/p>\n","protected":false},"excerpt":{"rendered":"<p>[vc_row full_width=&#8220;0&#8243; full_height=&#8220;0&#8243; particles=&#8220;0&#8243; css=&#8220;.vc_custom_1457512674147{padding-bottom: 96px !important;}&#8220;][vc_column][vc_empty_space height=&#8220;64px&#8220;][\/vc_column][vc_column el_class=&#8220;col-md-push-6&#8243; width=&#8220;1\/2&#8243;][\/vc_column][vc_column el_class=&#8220;col-md-pull-6&#8243; width=&#8220;1\/2&#8243;][vc_column_text]In unserer Gesellschaft ist Sex allgegenw\u00e4rtig. Trotzdem herrscht immer \u00f6fter Flaute im Bett. Vielen Menschen f\u00e4llt es schwer, \u00fcber ihre sexuelle Unzufriedenheit und\/oder ihre sexuellen Probleme zu sprechen. Oft fehlen die richtigen Worte. Zu gro\u00df ist die Angst, den anderen zu verletzen oder selbst [&hellip;]<\/p>\n","protected":false},"author":1,"featured_media":0,"parent":0,"menu_order":0,"comment_status":"closed","ping_status":"closed","template":"","meta":{"_exactmetrics_skip_tracking":false,"_exactmetrics_sitenote_active":false,"_exactmetrics_sitenote_note":"","_exactmetrics_sitenote_category":0,"footnotes":""},"class_list":["post-774","page","type-page","status-publish","hentry"],"_links":{"self":[{"href":"https:\/\/xn--paartherapie-mnsterland-ppc.de\/index.php\/wp-json\/wp\/v2\/pages\/774","targetHints":{"allow":["GET"]}}],"collection":[{"href":"https:\/\/xn--paartherapie-mnsterland-ppc.de\/index.php\/wp-json\/wp\/v2\/pages"}],"about":[{"href":"https:\/\/xn--paartherapie-mnsterland-ppc.de\/index.php\/wp-json\/wp\/v2\/types\/page"}],"author":[{"embeddable":true,"href":"https:\/\/xn--paartherapie-mnsterland-ppc.de\/index.php\/wp-json\/wp\/v2\/users\/1"}],"replies":[{"embeddable":true,"href":"https:\/\/xn--paartherapie-mnsterland-ppc.de\/index.php\/wp-json\/wp\/v2\/comments?post=774"}],"version-history":[{"count":11,"href":"https:\/\/xn--paartherapie-mnsterland-ppc.de\/index.php\/wp-json\/wp\/v2\/pages\/774\/revisions"}],"predecessor-version":[{"id":1076,"href":"https:\/\/xn--paartherapie-mnsterland-ppc.de\/index.php\/wp-json\/wp\/v2\/pages\/774\/revisions\/1076"}],"wp:attachment":[{"href":"https:\/\/xn--paartherapie-mnsterland-ppc.de\/index.php\/wp-json\/wp\/v2\/media?parent=774"}],"curies":[{"name":"wp","href":"https:\/\/api.w.org\/{rel}","templated":true}]}}