{"id":773,"date":"2017-05-10T12:14:29","date_gmt":"2017-05-10T12:14:29","guid":{"rendered":"http:\/\/xn--paartherapie-mnsterland-ppc.de\/?page_id=773"},"modified":"2023-08-08T13:14:53","modified_gmt":"2023-08-08T13:14:53","slug":"einzelberatung","status":"publish","type":"page","link":"https:\/\/xn--paartherapie-mnsterland-ppc.de\/index.php\/einzelberatung\/","title":{"rendered":"Einzelberatung"},"content":{"rendered":"<p>[vc_row full_width=&#8220;0&#8243; full_height=&#8220;0&#8243; particles=&#8220;0&#8243; css=&#8220;.vc_custom_1457512674147{padding-bottom: 96px !important;}&#8220;][vc_column][vc_empty_space height=&#8220;64px&#8220;][\/vc_column][vc_column el_class=&#8220;col-md-push-6&#8243; width=&#8220;1\/2&#8243;]<div class=\"pl_fixed_ratio_media   vc_custom_1495619645770\">\n    <div class=\"stretchy_wrapper ratio_16-9   bg_vtop\" style=\"background-image: url('https:\/\/paartherapie-m\u00fcnsterland.de\/wp-content\/uploads\/2016\/02\/Alessandro-Valli.jpg');\">\n      <img decoding=\"async\" alt=\"\" src=\"https:\/\/paartherapie-m\u00fcnsterland.de\/wp-content\/uploads\/2016\/02\/Alessandro-Valli.jpg\">\n    <\/div>\n\n<\/div>[\/vc_column][vc_column el_class=&#8220;col-md-pull-6&#8243; width=&#8220;1\/2&#8243;][vc_column_text]Das ganz allt\u00e4gliche \u201enormale\u201c Leben bringt viele Herausforderungen mit sich. Viele Menschen sehen sich mit belastenden Aufgaben und Situationen konfrontiert, sie f\u00fchlen sich \u00fcberfordert und w\u00fcnschen sich Hilfe und Unterst\u00fctzung.<br \/>\nBei Menschen, die sich zeitweise \u00fcberlastet f\u00fchlen, liegt in der Regel keine psychische Erkrankung vor. Sie brauchen lediglich f\u00fcr eine Weile einen Wegbegleiter. Ich sehe mich als Ihr Wegbegleiter.<\/p>\n<p>&nbsp;<\/p>\n<p><b>M\u00f6gliche Gr\u00fcnde f\u00fcr eine Einzelberatung:<\/b><\/p>\n<ul>\n<li>Sie stehen vor einer schwierigen Entscheidung und m\u00f6chten mehr Klarheit gewinnen.<\/li>\n<li>Vielleicht belasten Erziehungsprobleme Ihren Alltag.<\/li>\n<li>Sie sind unzufrieden mit Ihrem Leben und \/ oder Ihrer beruflichen Situation.<\/li>\n<li>Zeitweise f\u00fchlen Sie sich regelrecht depressiv und wissen nicht warum.<\/li>\n<li>Ihre Beziehungen scheitern immer wieder.<\/li>\n<li>Sie k\u00e4mpfen mit Gewichtsproblemen und \/ oder Ihrem Essverhalten.<\/li>\n<li>Sie haben Konflikte In Ihrer Familie oder im Bekanntenkreis.<\/li>\n<li>u.a.m.<\/li>\n<\/ul>\n<p>Ich habe keine Ber\u00fchrungs\u00e4ngste mit Themen rund um Krankheit und Tod. Als ausgebildete Notfallseelsorgerin und mit der Schulung \u201eBegleitung am Lebensende\u201c sind mir alle Themen des Lebens vertraut. Vielleicht brauchen Sie einen Menschen, der Ihnen wertsch\u00e4tzend zuh\u00f6rt. Jemanden, dem Sie Ihr Herz aussch\u00fctten d\u00fcrfen.<\/p>\n<p>&nbsp;<\/p>\n<p><b>Was geschieht bei einer Einzelberatung?\u00a0<\/b><\/p>\n<p>Am Anfang eines Beratungsprozesses steht die Zielformulierung. Das h\u00f6rt sich einfach an, bedarf aber oft viel Zeit und Nachdenken. Meine Fragen helfen Ihnen dabei.<\/p>\n<p>In der Einzelberatung erstelle ich von jedem Klienten ein Genogramm (Stammbaum \u2013 Diagramm). Dadurch gewinne ich viele wichtige Informationen \u00fcber das bisherige Leben. Der Klient gewinnt h\u00e4ufig ebenfalls neue Erkenntnisse \u00fcber sich.<\/p>\n<p>In meiner Arbeit setze ich gerne das Systembrett (Familienbrett) ein. Die vom Klienten empfundene Qualit\u00e4t und Intensit\u00e4t der Beziehungen der Personen eines Systems untereinander, k\u00f6nnen von ihm mit dieser Methode bildhaft dargestellt werden.<\/p>\n<p>Am Ende des Beratungsprozesses reflektieren wir \u00fcber den Erfolg der Beratung. Haben Sie das festgelegte Ziel erreicht? Wie kann das Ergebnis gesichert werden?<\/p>\n<p>Der ben\u00f6tigte Stundenumfang l\u00e4sst sich schwer voraussagen. Ich arbeite nach dem Grundsatz: So wenig wie m\u00f6glich \u2013 so viel wie n\u00f6tig.<\/p>\n<p>&nbsp;<\/p>\n<p><b>Kosten Einzelberatung (Dauer 1Std.): 80 Euro \/ Std.<\/b>[\/vc_column_text][\/vc_column][\/vc_row][vc_row color_set=&#8220;secondary_section&#8220; full_width=&#8220;0&#8243; full_height=&#8220;0&#8243; sep_bottom=&#8220;separator_bottom sep_angled_positive_bottom&#8220; particles=&#8220;0&#8243; css=&#8220;.vc_custom_1457511086992{padding-top: 96px !important;padding-bottom: 64px !important;}&#8220;][vc_column width=&#8220;2\/3&#8243; offset=&#8220;vc_col-sm-offset-2&#8243;][vc_column_text]<\/p>\n<h3 style=\"text-align: center;\">Das Erstgespr\u00e4ch:<\/h3>\n<h3 style=\"text-align: center;\">Der Beginn von Ver\u00e4nderung.<\/h3>\n<h3 style=\"text-align: center;\">Ich biete Ihnen kurzfristig einen Termin f\u00fcr ein Erstgespr\u00e4ch.<\/h3>\n<p>[\/vc_column_text][\/vc_column][\/vc_row][vc_row color_set=&#8220;black_section&#8220; full_width=&#8220;0&#8243; full_height=&#8220;0&#8243; transparent_overlay=&#8220;transparent_film&#8220; background=&#8220;bgimage&#8220; bgimage=&#8220;612&#8243; parallax=&#8220;1&#8243;][vc_column]<div class=\"section_header subtitle_bottom   fancy text-center\">\n\n    <h2>Ich freue mich auf Sie!<\/h2>\n\n\n        <p ><\/p>\n<\/div><div class=\"plethora_button wpb_content_element   text-center \">\n    <a href=\"http:\/\/xn--paartherapie-mnsterland-ppc.de\/index.php\/connect\/\" debug class=\" btn btn-secondary with-icon icon-right\" title=\"\"  target=\"_self\">\n\n        \n        Termin vereinbaren\n         <i class=\"fa fa-check\"><\/i> \n\n    <\/a>\n<\/div>[\/vc_column][\/vc_row]<\/p>\n","protected":false},"excerpt":{"rendered":"<p>[vc_row full_width=&#8220;0&#8243; full_height=&#8220;0&#8243; particles=&#8220;0&#8243; css=&#8220;.vc_custom_1457512674147{padding-bottom: 96px !important;}&#8220;][vc_column][vc_empty_space height=&#8220;64px&#8220;][\/vc_column][vc_column el_class=&#8220;col-md-push-6&#8243; width=&#8220;1\/2&#8243;][\/vc_column][vc_column el_class=&#8220;col-md-pull-6&#8243; width=&#8220;1\/2&#8243;][vc_column_text]Das ganz allt\u00e4gliche \u201enormale\u201c Leben bringt viele Herausforderungen mit sich. Viele Menschen sehen sich mit belastenden Aufgaben und Situationen konfrontiert, sie f\u00fchlen sich \u00fcberfordert und w\u00fcnschen sich Hilfe und Unterst\u00fctzung. Bei Menschen, die sich zeitweise \u00fcberlastet f\u00fchlen, liegt in der Regel keine psychische Erkrankung [&hellip;]<\/p>\n","protected":false},"author":1,"featured_media":0,"parent":0,"menu_order":0,"comment_status":"closed","ping_status":"closed","template":"","meta":{"_exactmetrics_skip_tracking":false,"_exactmetrics_sitenote_active":false,"_exactmetrics_sitenote_note":"","_exactmetrics_sitenote_category":0,"footnotes":""},"class_list":["post-773","page","type-page","status-publish","hentry"],"_links":{"self":[{"href":"https:\/\/xn--paartherapie-mnsterland-ppc.de\/index.php\/wp-json\/wp\/v2\/pages\/773","targetHints":{"allow":["GET"]}}],"collection":[{"href":"https:\/\/xn--paartherapie-mnsterland-ppc.de\/index.php\/wp-json\/wp\/v2\/pages"}],"about":[{"href":"https:\/\/xn--paartherapie-mnsterland-ppc.de\/index.php\/wp-json\/wp\/v2\/types\/page"}],"author":[{"embeddable":true,"href":"https:\/\/xn--paartherapie-mnsterland-ppc.de\/index.php\/wp-json\/wp\/v2\/users\/1"}],"replies":[{"embeddable":true,"href":"https:\/\/xn--paartherapie-mnsterland-ppc.de\/index.php\/wp-json\/wp\/v2\/comments?post=773"}],"version-history":[{"count":16,"href":"https:\/\/xn--paartherapie-mnsterland-ppc.de\/index.php\/wp-json\/wp\/v2\/pages\/773\/revisions"}],"predecessor-version":[{"id":1073,"href":"https:\/\/xn--paartherapie-mnsterland-ppc.de\/index.php\/wp-json\/wp\/v2\/pages\/773\/revisions\/1073"}],"wp:attachment":[{"href":"https:\/\/xn--paartherapie-mnsterland-ppc.de\/index.php\/wp-json\/wp\/v2\/media?parent=773"}],"curies":[{"name":"wp","href":"https:\/\/api.w.org\/{rel}","templated":true}]}}