{"id":772,"date":"2017-05-10T12:38:00","date_gmt":"2017-05-10T12:38:00","guid":{"rendered":"http:\/\/xn--paartherapie-mnsterland-ppc.de\/?page_id=772"},"modified":"2023-08-08T13:34:16","modified_gmt":"2023-08-08T13:34:16","slug":"3-x-3-das-paargespraech","status":"publish","type":"page","link":"https:\/\/xn--paartherapie-mnsterland-ppc.de\/index.php\/3-x-3-das-paargespraech\/","title":{"rendered":"3 x 3 &#8211; Das Paargespr\u00e4ch"},"content":{"rendered":"<p>[vc_row full_width=&#8220;0&#8243; full_height=&#8220;0&#8243; particles=&#8220;0&#8243; css=&#8220;.vc_custom_1495790649229{padding-bottom: 96px !important;}&#8220;][vc_column]<div class=\"pl_fixed_ratio_media  \">\n    <div class=\"stretchy_wrapper ratio_2-1   bg_vtop\" style=\"background-image: url('https:\/\/paartherapie-m\u00fcnsterland.de\/wp-content\/uploads\/2016\/02\/Cristian-Bucur.jpg');\">\n      <img decoding=\"async\" alt=\"\" src=\"https:\/\/paartherapie-m\u00fcnsterland.de\/wp-content\/uploads\/2016\/02\/Cristian-Bucur.jpg\">\n    <\/div>\n\n<\/div>[vc_empty_space height=&#8220;48px&#8220;][vc_column_text]<\/p>\n<h3 style=\"text-align: center;\">Sie sind gl\u00fccklich miteinander und m\u00f6chten es bleiben?<br \/>\nF\u00fcr diesen Zweck habe ich drei besondere Angebote f\u00fcr Sie:<\/h3>\n<p>[\/vc_column_text][vc_empty_space height=&#8220;48px&#8220;][\/vc_column][vc_column width=&#8220;1\/3&#8243; heading_align=&#8220;text-center&#8220; align=&#8220;text-center&#8220; color_set=&#8220;light_section&#8220; boxed=&#8220;boxed_plus&#8220; margin=&#8220;margin_top_grid&#8220; same_height_col=&#8220;same_height_col&#8220; heading=&#8220;1. Ich verstehe dich \u2013 du verstehst mich!&#8220; css=&#8220;.vc_custom_1495791976092{border-radius: 1px !important;}&#8220;][vc_column_text]Wie kann Kommunikation gelingen?<br \/>\nWie reden Sie miteinander?<br \/>\nWie sprechen Sie unangenehme Themen an, ohne den Anderen zu verletzen?<\/p>\n<p>An drei Terminen (Dauer: je 1 Stunde) lernen Sie alles Wissenswerte \u00fcber Kommunikation.<br \/>\nDamit sich das Geh\u00f6rte gut verankert, \u00fcben wir die praktische Anwendung gleich mit.[\/vc_column_text][\/vc_column][vc_column width=&#8220;1\/3&#8243; heading_align=&#8220;text-center&#8220; align=&#8220;text-center&#8220; color_set=&#8220;skincolored_section&#8220; boxed=&#8220;boxed_plus&#8220; margin=&#8220;margin_top_grid&#8220; same_height_col=&#8220;same_height_col&#8220; heading=&#8220;2. Wissenswertes f\u00fcr eine gelingende Paarbeziehung&#8220;][vc_column_text]An drei Terminen (Dauer: je 1 Stunde) gebe ich Ihnen interessante Informationen rund um das Thema Partnerschaft.<\/p>\n<p>Die Themen der Sitzungen:<\/p>\n<p>&nbsp;<\/p>\n<ul>\n<li>\n<h4>Grundlagen einer gelingenden Kommunikation<\/h4>\n<\/li>\n<\/ul>\n<p>&nbsp;<\/p>\n<ul>\n<li>\n<h4>Gesetzm\u00e4\u00dfigkeiten einer Paarbeziehung<\/h4>\n<\/li>\n<\/ul>\n<p>&nbsp;<\/p>\n<ul>\n<li>\n<h4>Let`s talk about Sex \u2026<\/h4>\n<\/li>\n<\/ul>\n<p>[\/vc_column_text][\/vc_column][vc_column width=&#8220;1\/3&#8243; heading_align=&#8220;text-center&#8220; align=&#8220;text-center&#8220; color_set=&#8220;light_section&#8220; boxed=&#8220;boxed_plus&#8220; margin=&#8220;margin_top_grid&#8220; same_height_col=&#8220;same_height_col&#8220; heading=&#8220;3. Gespr\u00e4ch bei Kaffee und Keks&#8220;][vc_column_text]Gute Gespr\u00e4che schaffen N\u00e4he und tun jeder Beziehung gut.<br \/>\nIch biete Ihnen den Raum miteinander ins Gespr\u00e4ch zu kommen.<\/p>\n<p>F\u00fcr drei Gespr\u00e4che (Dauer: je 1 Stunde) gebe ich Ihnen Themen vor oder Sie bringen Themen mit \u2026 ganz nach Ihren pers\u00f6nlichen W\u00fcnschen.<br \/>\nHier geht es nicht darum Probleme zu w\u00e4lzen, sondern sich auszutauschen und miteinander zu tr\u00e4umen \u2026[\/vc_column_text][\/vc_column][\/vc_row][vc_row color_set=&#8220;secondary_section&#8220; full_width=&#8220;0&#8243; full_height=&#8220;0&#8243; sep_bottom=&#8220;separator_bottom sep_angled_positive_bottom&#8220; particles=&#8220;0&#8243; css=&#8220;.vc_custom_1457511086992{padding-top: 96px !important;padding-bottom: 64px !important;}&#8220;][vc_column width=&#8220;2\/3&#8243; offset=&#8220;vc_col-sm-offset-2&#8243;][vc_column_text]<\/p>\n<h3 style=\"text-align: center;\">Das Erstgespr\u00e4ch:<\/h3>\n<h3 style=\"text-align: center;\">Der Beginn von Ver\u00e4nderung.<\/h3>\n<h3 style=\"text-align: center;\">Ich biete Ihnen kurzfristig einen Termin f\u00fcr ein Erstgespr\u00e4ch.<\/h3>\n<p>[\/vc_column_text][\/vc_column][\/vc_row][vc_row color_set=&#8220;black_section&#8220; full_width=&#8220;0&#8243; full_height=&#8220;0&#8243; transparent_overlay=&#8220;transparent_film&#8220; background=&#8220;bgimage&#8220; bgimage=&#8220;612&#8243; parallax=&#8220;1&#8243;][vc_column]<div class=\"section_header subtitle_bottom   fancy text-center\">\n\n    <h2>Ich freue mich auf Sie!<\/h2>\n\n\n        <p ><\/p>\n<\/div><div class=\"plethora_button wpb_content_element   text-center \">\n    <a href=\"http:\/\/xn--paartherapie-mnsterland-ppc.de\/index.php\/connect\/\" debug class=\" btn btn-secondary with-icon icon-right\" title=\"\"  target=\"_self\">\n\n        \n        Termin vereinbaren\n         <i class=\"fa fa-check\"><\/i> \n\n    <\/a>\n<\/div>[\/vc_column][\/vc_row]<\/p>\n","protected":false},"excerpt":{"rendered":"<p>[vc_row full_width=&#8220;0&#8243; full_height=&#8220;0&#8243; particles=&#8220;0&#8243; css=&#8220;.vc_custom_1495790649229{padding-bottom: 96px !important;}&#8220;][vc_column][vc_empty_space height=&#8220;48px&#8220;][vc_column_text] Sie sind gl\u00fccklich miteinander und m\u00f6chten es bleiben? F\u00fcr diesen Zweck habe ich drei besondere Angebote f\u00fcr Sie: [\/vc_column_text][vc_empty_space height=&#8220;48px&#8220;][\/vc_column][vc_column width=&#8220;1\/3&#8243; heading_align=&#8220;text-center&#8220; align=&#8220;text-center&#8220; color_set=&#8220;light_section&#8220; boxed=&#8220;boxed_plus&#8220; margin=&#8220;margin_top_grid&#8220; same_height_col=&#8220;same_height_col&#8220; heading=&#8220;1. Ich verstehe dich \u2013 du verstehst mich!&#8220; css=&#8220;.vc_custom_1495791976092{border-radius: 1px !important;}&#8220;][vc_column_text]Wie kann Kommunikation gelingen? Wie reden Sie miteinander? Wie sprechen [&hellip;]<\/p>\n","protected":false},"author":1,"featured_media":0,"parent":0,"menu_order":0,"comment_status":"closed","ping_status":"closed","template":"","meta":{"_exactmetrics_skip_tracking":false,"_exactmetrics_sitenote_active":false,"_exactmetrics_sitenote_note":"","_exactmetrics_sitenote_category":0,"footnotes":""},"class_list":["post-772","page","type-page","status-publish","hentry"],"_links":{"self":[{"href":"https:\/\/xn--paartherapie-mnsterland-ppc.de\/index.php\/wp-json\/wp\/v2\/pages\/772","targetHints":{"allow":["GET"]}}],"collection":[{"href":"https:\/\/xn--paartherapie-mnsterland-ppc.de\/index.php\/wp-json\/wp\/v2\/pages"}],"about":[{"href":"https:\/\/xn--paartherapie-mnsterland-ppc.de\/index.php\/wp-json\/wp\/v2\/types\/page"}],"author":[{"embeddable":true,"href":"https:\/\/xn--paartherapie-mnsterland-ppc.de\/index.php\/wp-json\/wp\/v2\/users\/1"}],"replies":[{"embeddable":true,"href":"https:\/\/xn--paartherapie-mnsterland-ppc.de\/index.php\/wp-json\/wp\/v2\/comments?post=772"}],"version-history":[{"count":14,"href":"https:\/\/xn--paartherapie-mnsterland-ppc.de\/index.php\/wp-json\/wp\/v2\/pages\/772\/revisions"}],"predecessor-version":[{"id":1079,"href":"https:\/\/xn--paartherapie-mnsterland-ppc.de\/index.php\/wp-json\/wp\/v2\/pages\/772\/revisions\/1079"}],"wp:attachment":[{"href":"https:\/\/xn--paartherapie-mnsterland-ppc.de\/index.php\/wp-json\/wp\/v2\/media?parent=772"}],"curies":[{"name":"wp","href":"https:\/\/api.w.org\/{rel}","templated":true}]}}