{"id":716,"date":"2017-05-10T10:45:11","date_gmt":"2017-05-10T10:45:11","guid":{"rendered":"http:\/\/xn--paartherapie-mnsterland-ppc.de\/?page_id=716"},"modified":"2023-08-08T13:16:12","modified_gmt":"2023-08-08T13:16:12","slug":"paarberatung","status":"publish","type":"page","link":"https:\/\/xn--paartherapie-mnsterland-ppc.de\/index.php\/paarberatung\/","title":{"rendered":"Paarberatung"},"content":{"rendered":"<p>[vc_row full_width=&#8220;0&#8243; full_height=&#8220;0&#8243; particles=&#8220;0&#8243; css=&#8220;.vc_custom_1457512674147{padding-bottom: 96px !important;}&#8220;][vc_column][vc_empty_space height=&#8220;64px&#8220;][\/vc_column][vc_column el_class=&#8220;col-md-push-6&#8243; width=&#8220;1\/2&#8243;]<div class=\"pl_fixed_ratio_media   vc_custom_1495619742425\">\n    <div class=\"stretchy_wrapper ratio_16-9   bg_vtop\" style=\"background-image: url('https:\/\/paartherapie-m\u00fcnsterland.de\/wp-content\/uploads\/2016\/02\/Harold-Navarro.jpg');\">\n      <img decoding=\"async\" alt=\"\" src=\"https:\/\/paartherapie-m\u00fcnsterland.de\/wp-content\/uploads\/2016\/02\/Harold-Navarro.jpg\">\n    <\/div>\n\n<\/div>[\/vc_column][vc_column el_class=&#8220;col-md-pull-6&#8243; width=&#8220;1\/2&#8243;][vc_column_text]Es gibt viele Gr\u00fcnde f\u00fcr eine Paarberatung. H\u00e4ufig entschlie\u00dfen sich Paare dazu, wenn alle eigenen Versuche, die Krise zu meistern, keine Ver\u00e4nderung bewirkt haben. Der Druck und die Frustration steigen ins Unertr\u00e4gliche \u2026 jetzt muss etwas passieren. So darf es nicht weitergehen.<\/p>\n<p>Die Entscheidung, Hilfe eines Paartherapeuten anzunehmen, f\u00e4llt oft sehr schwer. Viele sch\u00e4men sich, weil sie das Gef\u00fchl haben, zu versagen. Doch keine Sorge, Sie haben nicht versagt! Krisen sind normal und wichtig. Ohne Krisen gibt es keine Ver\u00e4nderung.<\/p>\n<p>Scheuen Sie sich nicht, f\u00fcr diesen oft schmerzhaften Prozess, Unterst\u00fctzung und Beratung anzunehmen.<\/p>\n<p>Ich biete Ihnen Unterst\u00fctzung und Entlastung und sorge f\u00fcr einen sicheren Rahmen. Alles was wir miteinander besprechen, bleibt in meinem Beratungszimmer. Ich unterliege der Schweigepflicht. Ich berate Sie neutral. Das hei\u00dft, ich schenke beiden Partnern die gleiche Aufmerksamkeit.<\/p>\n<p>&nbsp;<\/p>\n<p><b>M\u00f6gliche Gr\u00fcnde f\u00fcr eine Paartherapie:<\/b><\/p>\n<ul>\n<li>Sie streiten nur noch miteinander.<\/li>\n<li>Sie gehen respektlos miteinander um.<\/li>\n<li>Sie empfinden keine Liebe mehr f\u00fcr Ihren Partner \/ Ihre Partnerin.<\/li>\n<li>Sie finden im Alltag, neben den vielen Verpflichtungen, keine Zeit mehr f\u00fcreinander.<\/li>\n<li>Ein Partner ist fremd gegangen.<\/li>\n<li>Sexuelle Unzufriedenheit eines oder beider Partner.<\/li>\n<li>Sexuelle Probleme.<\/li>\n<li>Sie k\u00f6nnen sich nicht entscheiden, Trennung oder Bleiben.<\/li>\n<li>Sie w\u00fcnschen sich Begleitung bei der bevorstehenden Trennung.<\/li>\n<li>Sie w\u00fcnschen sich Unterst\u00fctzung f\u00fcr einen Neuanfang.<\/li>\n<li>u. v. m.<\/li>\n<\/ul>\n<p>&nbsp;<\/p>\n<p>Jedes Paar ist anders und jedes Problem h\u00f6chst individuell. Wie viele Beratungsstunden ben\u00f6tigt werden, ist im Vorfeld schlecht abzusch\u00e4tzen. Im Wesentlichen h\u00e4ngt es von der\u00a0 Motivation beider Partner ab. Auf Sie wird \u201eArbeit\u201c zukommen, das ist sicher. Ihre Investitionen (pers\u00f6nlicher Einsatz, Zeit und Geld) werden sich lohnen.<\/p>\n<p>&nbsp;<\/p>\n<p><b>Kosten Paarberatung (Dauer ca. 1,5 Std.): 100 Euro \/ Std.<\/b>[\/vc_column_text][\/vc_column][\/vc_row][vc_row color_set=&#8220;secondary_section&#8220; full_width=&#8220;0&#8243; full_height=&#8220;0&#8243; sep_bottom=&#8220;separator_bottom sep_angled_positive_bottom&#8220; particles=&#8220;0&#8243; css=&#8220;.vc_custom_1457511086992{padding-top: 96px !important;padding-bottom: 64px !important;}&#8220;][vc_column width=&#8220;2\/3&#8243; offset=&#8220;vc_col-sm-offset-2&#8243;][vc_column_text]<\/p>\n<h3 style=\"text-align: center;\">Das Erstgespr\u00e4ch:<\/h3>\n<h3 style=\"text-align: center;\">Der Beginn von Ver\u00e4nderung.<\/h3>\n<h3 style=\"text-align: center;\">Ich biete Ihnen kurzfristig einen Termin f\u00fcr ein Erstgespr\u00e4ch.<\/h3>\n<p>[\/vc_column_text][\/vc_column][\/vc_row][vc_row color_set=&#8220;black_section&#8220; full_width=&#8220;0&#8243; full_height=&#8220;0&#8243; transparent_overlay=&#8220;transparent_film&#8220; background=&#8220;bgimage&#8220; bgimage=&#8220;612&#8243; parallax=&#8220;1&#8243;][vc_column]<div class=\"section_header subtitle_bottom   fancy text-center\">\n\n    <h2>Ich freue mich auf Sie!<\/h2>\n\n\n        <p ><\/p>\n<\/div><div class=\"plethora_button wpb_content_element   text-center \">\n    <a href=\"http:\/\/xn--paartherapie-mnsterland-ppc.de\/index.php\/connect\/\" debug class=\" btn btn-secondary with-icon icon-right\" title=\"\"  target=\"_self\">\n\n        \n        Termin vereinbaren\n         <i class=\"fa fa-check\"><\/i> \n\n    <\/a>\n<\/div>[\/vc_column][\/vc_row]<\/p>\n","protected":false},"excerpt":{"rendered":"<p>[vc_row full_width=&#8220;0&#8243; full_height=&#8220;0&#8243; particles=&#8220;0&#8243; css=&#8220;.vc_custom_1457512674147{padding-bottom: 96px !important;}&#8220;][vc_column][vc_empty_space height=&#8220;64px&#8220;][\/vc_column][vc_column el_class=&#8220;col-md-push-6&#8243; width=&#8220;1\/2&#8243;][\/vc_column][vc_column el_class=&#8220;col-md-pull-6&#8243; width=&#8220;1\/2&#8243;][vc_column_text]Es gibt viele Gr\u00fcnde f\u00fcr eine Paarberatung. H\u00e4ufig entschlie\u00dfen sich Paare dazu, wenn alle eigenen Versuche, die Krise zu meistern, keine Ver\u00e4nderung bewirkt haben. Der Druck und die Frustration steigen ins Unertr\u00e4gliche \u2026 jetzt muss etwas passieren. So darf es nicht weitergehen. Die Entscheidung, [&hellip;]<\/p>\n","protected":false},"author":1,"featured_media":0,"parent":0,"menu_order":0,"comment_status":"closed","ping_status":"closed","template":"","meta":{"_exactmetrics_skip_tracking":false,"_exactmetrics_sitenote_active":false,"_exactmetrics_sitenote_note":"","_exactmetrics_sitenote_category":0,"footnotes":""},"class_list":["post-716","page","type-page","status-publish","hentry"],"_links":{"self":[{"href":"https:\/\/xn--paartherapie-mnsterland-ppc.de\/index.php\/wp-json\/wp\/v2\/pages\/716","targetHints":{"allow":["GET"]}}],"collection":[{"href":"https:\/\/xn--paartherapie-mnsterland-ppc.de\/index.php\/wp-json\/wp\/v2\/pages"}],"about":[{"href":"https:\/\/xn--paartherapie-mnsterland-ppc.de\/index.php\/wp-json\/wp\/v2\/types\/page"}],"author":[{"embeddable":true,"href":"https:\/\/xn--paartherapie-mnsterland-ppc.de\/index.php\/wp-json\/wp\/v2\/users\/1"}],"replies":[{"embeddable":true,"href":"https:\/\/xn--paartherapie-mnsterland-ppc.de\/index.php\/wp-json\/wp\/v2\/comments?post=716"}],"version-history":[{"count":27,"href":"https:\/\/xn--paartherapie-mnsterland-ppc.de\/index.php\/wp-json\/wp\/v2\/pages\/716\/revisions"}],"predecessor-version":[{"id":1075,"href":"https:\/\/xn--paartherapie-mnsterland-ppc.de\/index.php\/wp-json\/wp\/v2\/pages\/716\/revisions\/1075"}],"wp:attachment":[{"href":"https:\/\/xn--paartherapie-mnsterland-ppc.de\/index.php\/wp-json\/wp\/v2\/media?parent=716"}],"curies":[{"name":"wp","href":"https:\/\/api.w.org\/{rel}","templated":true}]}}