{"id":587,"date":"2017-04-07T09:43:05","date_gmt":"2017-04-07T09:43:05","guid":{"rendered":"http:\/\/localhost\/wordpress\/?page_id=587"},"modified":"2025-05-01T10:39:52","modified_gmt":"2025-05-01T10:39:52","slug":"impressum","status":"publish","type":"page","link":"https:\/\/xn--paartherapie-mnsterland-ppc.de\/index.php\/impressum\/","title":{"rendered":"Impressum"},"content":{"rendered":"<p>Paartherapie \/ Paarberatung und Eheberatung Angelika Spitthoff<br \/>\nWebereistra\u00dfe 3<br \/>\n48565 Steinfurt &#8211; Borghorst<\/p>\n<p>Tel.: 0178 &#8211; 65 85 437<br \/>\nEmail: Info@Spitthoff.com<\/p>\n<p>Steuernummer: 311\/5194\/3148<\/p>\n<p>Konzeption und Gestaltung<br \/>\nDaniel Krappe<br \/>\nWordpress Theme: Plethora Theme Options panel. Based on Redux Framework<\/p>\n<p>Fotografie:<\/p>\n<p>Startseite:<br \/>\n<a href=\"https:\/\/www.flickr.com\/photos\/faithklefever\/7619149566\/\">Faith-Kashefska-Lefever&#8212;couple<\/a><br \/>\n<a href=\"https:\/\/www.flickr.com\/photos\/yasinhasan\/4453775133\/\" target=\"_blank\" rel=\"noopener noreferrer\">Yasin-Hassan&#8212;\u064a\u0627\u0633\u064a\u0646-\u062d\u0633\u0646 &#8211; Happy Monday<\/a>\u00a0(Auch zu finden unter &#8222;FAQ&#8220;)<br \/>\n<a href=\"https:\/\/www.flickr.com\/photos\/40006794@N02\/3937474049\/in\/photolist-6ZWzRB-7mKPwm-2nDgH7-6uau1U-6bFBZM-5yvpKn-8Aq91E-Ry353K-q4aHWw-iVbwJV-i29xbH-nBF3Gs-nFLvGQ-RG2imH-aFQWZi-qYsVTc-dksWpM-qThzHb-9uYaDo-Us9qnV-o2xoqB-S1V76Y-dUMvD5-a4Q1Ft-5VBsNJ-Sqa2E4-fmzSmC-UUedv8-h8Ujyd-aFQtcg-EGhM4f-aFQyTM-bLLj2V-g1oZpj-mNdZVx-egqBSX-7w2KWV-aFR9nv-aFQx84-aFQKez-o56Zcq-dYqZvi-hLk8f-e2GV1A-dUP6uA-nqYKdF-aFQFrT-aFQUP4-4G1vWx-asLhkU\">Candida Performa &#8211;\u00a0It&#8217;s all about love<\/a><br \/>\n<a href=\"https:\/\/www.flickr.com\/photos\/hernanpc\/8585821125\/in\/photolist-e5GzuH-WHKgYf-gbfssp-9T7SUD-fFMNcU-qLKwfd-s5XNYE-npAkq8-JbnRrs-rzD2R-dxEk8Q-ck5Rfb-cZYwbj-UBG953-Scu3CB-ebp9dF-VByYho-4abiHD-TFL1my-Juf5oD-5DHPUA-ndYCB1-sSU4KX-RA9k9U-RCLLRv-bVm8zi-ciyUUy-SoBKD7-748vsW-SGTvsj-QDYuqo-ShVoJ5-dxkDzH-ctj8R1-SCJrjE-6S4bE6-RyLhBP-9Di79E-SCUcRC-RCZPsX-rdAks5-eAocAs-qkcGKK-dUAG7N-ovZQCv-58PsDE-59LBDA-pZW8he-keQcw5-boZRQT\">Hern\u00e1n Pi\u00f1era\u00a0&#8211;\u00a0Sombra \/ Shadow<\/a><br \/>\n<a href=\"https:\/\/www.flickr.com\/photos\/full-aperture\/6964303044\/\" target=\"_blank\" rel=\"noopener noreferrer\">Christian Gonzalez &#8211;\u00a0I Will Never If You Never<\/a><br \/>\n<a href=\"http:\/\/freestocks.org\/photo\/couple-drinking-wine-2\/\" target=\"_blank\" rel=\"noopener noreferrer\">www.kpmalinowski.pl &#8211; couple drinking whine<\/a>\u00a0(Auch zu finden unter &#8222;Arbeiten Sie mit mir&#8220;)<\/p>\n<p>&#8222;Blog&#8220; + &#8222;Arbeiten Sie mit mir&#8220; + &#8222;3 x 3 &#8211; Das Paargespr\u00e4ch&#8220;<\/p>\n<p><a href=\"https:\/\/www.flickr.com\/photos\/cristian-bucur\/7410499904\/\" target=\"_blank\" rel=\"noopener noreferrer\">Cristian Bucur &#8211; Couple<\/a><\/p>\n<p>&#8222;Arbeiten Sie mit mir&#8220; + &#8222;Paarberatung&#8220;<\/p>\n<p><a href=\"https:\/\/www.flickr.com\/photos\/allkindsofnew\/9500650217\/\" target=\"_blank\" rel=\"noopener noreferrer\">Harold Navarro\u00a0&#8211; Conversation<\/a><\/p>\n<p>&#8222;Arbeiten Sie mit mir&#8220; + &#8222;Sexualberatung&#8220;<\/p>\n<p><a href=\"https:\/\/www.flickr.com\/photos\/434pics\/3751354690\/in\/photolist-6HuF49-HJpqN6-6FkP1S-4gWwLH-5W89rx-qTaLrx-eyFkNM-78cw7G-8cETTi-4Xy1SE-4mseqH-RDy2Qi-4WMYpc-sEXNSC-4BPfPX-oaTsNp-aRpmcn-9yzRt8-9dLACG-3tRAdy-bncfbP-f3qa1c-p5f4hX-euUEwg-5xgWJv-6ZTxfN-5Ey9dM-79wyTs-73gx6e-SCAF49-7ED3Bh-sdgEgj-91dc42-4XkWy3-oAzDwo-q5rcjS-5Kfiay-2vQBzS-87c6KS-RZYQDC-b4Jrj4-7EtVH2-3ufMqL-7qK1R9-69UmGx-4PdzMM-dBkMQa-9pYfgU-T8KjZ8-5yKpVj\" target=\"_blank\" rel=\"noopener noreferrer\">Bryan-Brenneman&#8212;She-is-my-drug<\/a><\/p>\n<p>&#8222;Arbeiten Sie mit mir&#8220; + &#8222;Einzelberatung&#8220;<\/p>\n<p><a href=\"https:\/\/www.flickr.com\/photos\/liquene\/4340111456\/\" target=\"_blank\" rel=\"noopener noreferrer\">Alessandro Valli &#8211; At Grandma&#8217;s<\/a><\/p>\n<p>&#8222;Paarberatung&#8220;, &#8222;Sexualberatung&#8220;, &#8222;Einzelberatung&#8220;, &#8222;3 x 3 &#8211; Das Paargespr\u00e4ch&#8220; &#8211; &#8222;Arbeiten Sie mit mir&#8220;<\/p>\n<p><a href=\"https:\/\/www.flickr.com\/photos\/mescon\/4722132307\/\" target=\"_blank\" rel=\"noopener noreferrer\">Erik S\u00f6derstr\u00f6m &#8211;\u00a0Sunset Fields 2<\/a><\/p>\n<p>alle weiteren Fotos: Daniel Krappe<\/p>\n<p>Das Verzeichnis f\u00fcr Paar- und Familientherapie<br \/>\n<a href=\"http:\/\/paartherapeut-finden.de\">http:\/\/paartherapeut-finden.de<\/a><\/p>\n<p>Haftung f\u00fcr Inhalte<\/p>\n<p>Die Inhalte unserer Seiten wurden mit gr\u00f6\u00dfter Sorgfalt erstellt. F\u00fcr die Richtigkeit, Vollst\u00e4ndigkeit und Aktualit\u00e4t der Inhalte k\u00f6nnen wir jedoch keine Gew\u00e4hr \u00fcbernehmen.<\/p>\n<p>Als Diensteanbieter sind wir gem\u00e4\u00df \u00a7 7 Abs.1 TMG f\u00fcr eigene Inhalte auf diesen Seiten nach den allgemeinen Gesetzen verantwortlich. Nach \u00a7\u00a7 8 bis 10 TMG sind wir als Diensteanbieter jedoch nicht verpflichtet, \u00fcbermittelte oder gespeicherte fremde Informationen zu \u00fcberwachen oder nach Umst\u00e4nden zu forschen, die auf eine rechtswidrige T\u00e4tigkeit hinweisen. Verpflichtungen zur Entfernung oder Sperrung der Nutzung von Informationen nach den allgemeinen Gesetzen bleiben hiervon unber\u00fchrt. Eine diesbez\u00fcgliche Haftung ist jedoch erst ab dem Zeitpunkt der Kenntnis einer konkreten Rechtsverletzung m\u00f6glich. Bei bekannt werden von entsprechenden Rechtsverletzungen werden wir diese Inhalte umgehend entfernen.<\/p>\n<p>Haftung f\u00fcr Links<br \/>\nUnser Angebot enth\u00e4lt Links zu externen Webseiten Dritter, auf deren Inhalte wir keinen Einfluss haben. Deshalb k\u00f6nnen wir f\u00fcr diese fremden Inhalte auch keine Gew\u00e4hr \u00fcbernehmen. F\u00fcr die Inhalte der verlinkten Seiten ist stets der jeweilige Anbieter oder Betreiber der Seiten verantwortlich. Die verlinkten Seiten wurden zum Zeitpunkt der Verlinkung auf m\u00f6gliche Rechtsverst\u00f6\u00dfe \u00fcberpr\u00fcft. Rechtswidrige Inhalte waren zum Zeitpunkt der Verlinkung nicht erkennbar. Eine permanente inhaltliche Kontrolle der verlinkten Seiten ist jedoch ohne konkrete Anhaltspunkte einer Rechtsverletzung nicht zumutbar. Bei bekannt werden von Rechtsverletzungen werden wir derartige Links umgehend entfernen.<\/p>\n<p>Urheberrecht<br \/>\nDie durch die Seitenbetreiber erstellten Inhalte und Werke auf diesen Seiten unterliegen dem deutschen Urheberrecht. Beitr\u00e4ge Dritter sind als solche gekennzeichnet. Die Vervielf\u00e4ltigung, Bearbeitung, Verbreitung und jede Art der Verwertung au\u00dferhalb der Grenzen des Urheberrechtes bed\u00fcrfen der schriftlichen Zustimmung des jeweiligen Autors bzw. Erstellers. Downloads und Kopien dieser Seite sind nur f\u00fcr den privaten, nicht kommerziellen Gebrauch gestattet.<br \/>\nDie Betreiber der Seiten sind bem\u00fcht, stets die Urheberrechte anderer zu beachten bzw. auf selbst erstellte sowie lizenzfreie Werke zur\u00fcckzugreifen.<\/p>\n","protected":false},"excerpt":{"rendered":"<p>Paartherapie \/ Paarberatung und Eheberatung Angelika Spitthoff Webereistra\u00dfe 3 48565 Steinfurt &#8211; Borghorst Tel.: 0178 &#8211; 65 85 437 Email: Info@Spitthoff.com Steuernummer: 311\/5194\/3148 Konzeption und Gestaltung Daniel Krappe Wordpress Theme: Plethora Theme Options panel. Based on Redux Framework Fotografie: Startseite: Faith-Kashefska-Lefever&#8212;couple Yasin-Hassan&#8212;\u064a\u0627\u0633\u064a\u0646-\u062d\u0633\u0646 &#8211; Happy Monday\u00a0(Auch zu finden unter &#8222;FAQ&#8220;) Candida Performa &#8211;\u00a0It&#8217;s all about love [&hellip;]<\/p>\n","protected":false},"author":1,"featured_media":0,"parent":0,"menu_order":0,"comment_status":"closed","ping_status":"closed","template":"","meta":{"_exactmetrics_skip_tracking":false,"_exactmetrics_sitenote_active":false,"_exactmetrics_sitenote_note":"","_exactmetrics_sitenote_category":0,"footnotes":""},"class_list":["post-587","page","type-page","status-publish","hentry"],"_links":{"self":[{"href":"https:\/\/xn--paartherapie-mnsterland-ppc.de\/index.php\/wp-json\/wp\/v2\/pages\/587","targetHints":{"allow":["GET"]}}],"collection":[{"href":"https:\/\/xn--paartherapie-mnsterland-ppc.de\/index.php\/wp-json\/wp\/v2\/pages"}],"about":[{"href":"https:\/\/xn--paartherapie-mnsterland-ppc.de\/index.php\/wp-json\/wp\/v2\/types\/page"}],"author":[{"embeddable":true,"href":"https:\/\/xn--paartherapie-mnsterland-ppc.de\/index.php\/wp-json\/wp\/v2\/users\/1"}],"replies":[{"embeddable":true,"href":"https:\/\/xn--paartherapie-mnsterland-ppc.de\/index.php\/wp-json\/wp\/v2\/comments?post=587"}],"version-history":[{"count":19,"href":"https:\/\/xn--paartherapie-mnsterland-ppc.de\/index.php\/wp-json\/wp\/v2\/pages\/587\/revisions"}],"predecessor-version":[{"id":1234,"href":"https:\/\/xn--paartherapie-mnsterland-ppc.de\/index.php\/wp-json\/wp\/v2\/pages\/587\/revisions\/1234"}],"wp:attachment":[{"href":"https:\/\/xn--paartherapie-mnsterland-ppc.de\/index.php\/wp-json\/wp\/v2\/media?parent=587"}],"curies":[{"name":"wp","href":"https:\/\/api.w.org\/{rel}","templated":true}]}}