{"id":122,"date":"2016-02-19T09:27:32","date_gmt":"2016-02-19T09:27:32","guid":{"rendered":"http:\/\/plethorathemes.com\/healthflex\/health-coach\/?page_id=122"},"modified":"2023-08-08T13:23:55","modified_gmt":"2023-08-08T13:23:55","slug":"frequently-asked-questions","status":"publish","type":"page","link":"https:\/\/xn--paartherapie-mnsterland-ppc.de\/index.php\/frequently-asked-questions\/","title":{"rendered":"FAQ"},"content":{"rendered":"<p>[vc_row full_width=&#8220;0&#8243; full_height=&#8220;0&#8243; sep_bottom=&#8220;separator_bottom sep_angled_positive_bottom&#8220; particles=&#8220;0&#8243; css=&#8220;.vc_custom_1457514077373{padding-top: 96px !important;padding-bottom: 64px !important;}&#8220;][vc_column][vc_empty_space height=&#8220;64px&#8220;][vc_toggle title=&#8220;Wie kann ich mir eine Beratungsstunde vorstellen?&#8220; el_id=&#8220;1491568954741-f2691622-6080&#8243;]Nat\u00fcrlich wird in einer Beratungsstunde viel geredet. Zwischendurch gibt es Zeit zum Nachdenken und Nachsp\u00fcren. Ablauf und Themen einzelner Beratungsstunden h\u00e4ngen von der jeweiligen Phase im Beratungsprozess ab. Der Verlauf gestaltet sich stets sehr individuell.[\/vc_toggle][vc_toggle title=&#8220;Was passiert, wenn ich so etwas zum ersten Mal mache?&#8220; el_id=&#8220;1491568957867-7bd375ea-ecdd&#8220;]Sie bekommen viele Fragen gestellt. Zum Beispiel:<\/p>\n<ul>\n<li>\u201eWas f\u00fchrt Sie hierher?\u201c<\/li>\n<li>\u201eWorum geht es?\u201c<\/li>\n<li>\u201eWie kann ich Ihnen behilflich sein?\u201c<\/li>\n<li>\u201eWas ist Ihr Wunsch an mich?\u201c<\/li>\n<li>\u201eWie kann ich Sie unterst\u00fctzen?\u201c<\/li>\n<li>\u201eWas m\u00f6chten Sie mit mir besprechen?\u201c<\/li>\n<li>\u201eWas m\u00f6chten Sie gegenw\u00e4rtig verbessern?\u201c<\/li>\n<li>u.a.m.<\/li>\n<\/ul>\n<p>[\/vc_toggle][vc_toggle title=&#8220;Wann ist der richtige Zeitpunkt f\u00fcr eine Paarberatung?&#8220; el_id=&#8220;1498029941407-1eedc086-2083&#8243;]Wenn Sie bei einem bestimmten Thema immer wieder aneinander geraten. Wenn Gef\u00fchle, W\u00fcnsche und\u00a0 Bed\u00fcrfnisse nicht mehr ausgesprochen werden k\u00f6nnen. Wenn Sie bemerken, dass die Stimmung zwischen Ihnen zunehmend schlechter wird.<\/p>\n<p>Im \u201eDer Spiegel\u201c Nr. 24 vom 10.06.2017 war zu lesen: <i>\u201eF\u00fcr eine erfolgreiche Beratung k\u00e4men die Paare im Schnitt sechs Jahre zu sp\u00e4t. Meist reagierten sie erst, wenn sie sich schon gr\u00fcndlich<\/i> <i>verhakt h\u00e4tten.\u201c<\/i> (S.99)[\/vc_toggle][vc_toggle title=&#8220;Was macht ein Paarberater?&#8220; el_id=&#8220;1447064341323-f6ee47d8-32bf&#8220;]Zuh\u00f6ren, reden, Fragen stellen, informieren, ermutigen, Ressourcen finden, Hypothesen \u00e4u\u00dfern, Hausaufgaben geben, konfrontieren \u2026[\/vc_toggle][vc_toggle title=&#8220;Beraten Sie mich auch alleine, ohne Partner?&#8220; el_id=&#8220;1491568957086-9d0b1dff-0577&#8243;]Selbstverst\u00e4ndlich k\u00f6nnen Sie bei Beziehungsproblemen auch alleine meine Beratung in Anspruch nehmen.[\/vc_toggle][vc_toggle title=&#8220;Was kostet eine Beratung?&#8220; el_id=&#8220;1491569165975-2aef6eb0-7a49&#8243;]Ein Beratungsgespr\u00e4ch kostet f\u00fcr Einzelpersonen 80 Euro \/ Std. \u00a0und f\u00fcr Paare 100 Euro \/ Std.[\/vc_toggle][vc_toggle title=&#8220;\u00dcbernimmt meine Krankkasse die Kosten?&#8220; el_id=&#8220;1498029939336-5ff7d95a-6bde&#8220;]Krankenkassen \u00fcbernehmen die Kosten nicht.<\/p>\n<p>Das hat durchaus auch Vorteile f\u00fcr Sie.<\/p>\n<ul>\n<li>Sie ben\u00f6tigen keine \u00dcberweisung oder Bescheinigung, sondern k\u00f6nnen meine Angebote unabh\u00e4ngig von Art und Umfang Ihres Problems in Anspruch nehmen.<\/li>\n<li>Sie k\u00f6nnen ohne lange Wartezeiten die Beratung\/Therapie beginnen.<\/li>\n<li>Ihre Beratung\/Therapie wird von keiner Versicherung erfasst. Es gelangen keinerlei Informationen \u00fcber Ihre Konsultation an Dritte (z.B. Versicherungen, Beh\u00f6rden, Arbeitgeber usw.).<\/li>\n<\/ul>\n<p>[\/vc_toggle][vc_toggle title=&#8220;Muss ich auch bezahlen, wenn ich zum vereinbarten Termin nicht kann?&#8220; el_id=&#8220;1498030029048-b9661cc6-e014&#8243;]Wenn ein vereinbarter Termin nicht eingehalten werden kann, sollte dieser 24 Stunden vorher abgesagt werden.<br \/>\nGeschieht dies nicht, stelle ich 50 % des vereinbarten Honorars in Rechnung.[\/vc_toggle][vc_toggle title=&#8220;Kann ich bei Ihnen parken?&#8220; el_id=&#8220;1491569198419-8c25c6a0-ecf1&#8243;]Vor dem Geb\u00e4ude stehen ausreichend Parkm\u00f6glichkeit zur Verf\u00fcgung.[\/vc_toggle][\/vc_column][\/vc_row][vc_row full_width=&#8220;0&#8243; full_height=&#8220;0&#8243; background=&#8220;bgimage&#8220; bgimage=&#8220;611&#8243; parallax=&#8220;0&#8243;][vc_column]<div class=\"section_header subtitle_bottom   fancy text-center\">\n\n    \n\n        <p ><\/p>\n<\/div>[\/vc_column][\/vc_row]<\/p>\n","protected":false},"excerpt":{"rendered":"<p>[vc_row full_width=&#8220;0&#8243; full_height=&#8220;0&#8243; sep_bottom=&#8220;separator_bottom sep_angled_positive_bottom&#8220; particles=&#8220;0&#8243; css=&#8220;.vc_custom_1457514077373{padding-top: 96px !important;padding-bottom: 64px !important;}&#8220;][vc_column][vc_empty_space height=&#8220;64px&#8220;][vc_toggle title=&#8220;Wie kann ich mir eine Beratungsstunde vorstellen?&#8220; el_id=&#8220;1491568954741-f2691622-6080&#8243;]Nat\u00fcrlich wird in einer Beratungsstunde viel geredet. Zwischendurch gibt es Zeit zum Nachdenken und Nachsp\u00fcren. Ablauf und Themen einzelner Beratungsstunden h\u00e4ngen von der jeweiligen Phase im Beratungsprozess ab. Der Verlauf gestaltet sich stets sehr individuell.[\/vc_toggle][vc_toggle title=&#8220;Was [&hellip;]<\/p>\n","protected":false},"author":1,"featured_media":0,"parent":0,"menu_order":0,"comment_status":"closed","ping_status":"closed","template":"","meta":{"_exactmetrics_skip_tracking":false,"_exactmetrics_sitenote_active":false,"_exactmetrics_sitenote_note":"","_exactmetrics_sitenote_category":0,"footnotes":""},"class_list":["post-122","page","type-page","status-publish","hentry"],"_links":{"self":[{"href":"https:\/\/xn--paartherapie-mnsterland-ppc.de\/index.php\/wp-json\/wp\/v2\/pages\/122","targetHints":{"allow":["GET"]}}],"collection":[{"href":"https:\/\/xn--paartherapie-mnsterland-ppc.de\/index.php\/wp-json\/wp\/v2\/pages"}],"about":[{"href":"https:\/\/xn--paartherapie-mnsterland-ppc.de\/index.php\/wp-json\/wp\/v2\/types\/page"}],"author":[{"embeddable":true,"href":"https:\/\/xn--paartherapie-mnsterland-ppc.de\/index.php\/wp-json\/wp\/v2\/users\/1"}],"replies":[{"embeddable":true,"href":"https:\/\/xn--paartherapie-mnsterland-ppc.de\/index.php\/wp-json\/wp\/v2\/comments?post=122"}],"version-history":[{"count":21,"href":"https:\/\/xn--paartherapie-mnsterland-ppc.de\/index.php\/wp-json\/wp\/v2\/pages\/122\/revisions"}],"predecessor-version":[{"id":1077,"href":"https:\/\/xn--paartherapie-mnsterland-ppc.de\/index.php\/wp-json\/wp\/v2\/pages\/122\/revisions\/1077"}],"wp:attachment":[{"href":"https:\/\/xn--paartherapie-mnsterland-ppc.de\/index.php\/wp-json\/wp\/v2\/media?parent=122"}],"curies":[{"name":"wp","href":"https:\/\/api.w.org\/{rel}","templated":true}]}}