{"id":112,"date":"2016-02-19T09:25:55","date_gmt":"2016-02-19T09:25:55","guid":{"rendered":"http:\/\/plethorathemes.com\/healthflex\/health-coach\/?page_id=112"},"modified":"2021-03-17T22:03:25","modified_gmt":"2021-03-17T22:03:25","slug":"work-with-me","status":"publish","type":"page","link":"https:\/\/xn--paartherapie-mnsterland-ppc.de\/index.php\/work-with-me\/","title":{"rendered":"Arbeiten Sie mit mir"},"content":{"rendered":"<p>[vc_row][vc_column width=&#8220;5\/6&#8243;][vc_column_text]Ich bin Diplom-Sozialp\u00e4dagogin\/Sozialarbeiterin,\u00a0Emotionsfokussierte Paartherapeutin,\u00a0Systemische Beraterin und Sozialtherapeutin, Sexualberaterin, Kommunikationstrainerin und Notfallseelsorgerin.<\/p>\n<p>Bei der Arbeit mit meinen Klienten orientiere ich mich an der Systemtheorie. Diese Theorie kennt kein \u201erichtig\u201c und kein \u201efalsch\u201c denn sie beurteilt weder den Menschen noch sein Verhalten. Sie selbst sind die Experten f\u00fcr die L\u00f6sung ihrer Probleme. Ich unterst\u00fctze sie darin, neue Perspektiven zu entdecken.<\/p>\n<p>Wenn es f\u00fcr den Beratungsprozess f\u00f6rderlich erscheint, erstelle ich ein Genogramm von meinen Klienten. Das ist eine Art Stammbaum-Diagramm, welches mir wichtige Informationen \u00fcber den Menschen liefert. Ebenso gerne setze ich das Systembrett (Familienbrett) ein. Mit dieser kreativen Methode k\u00f6nnen, dem Klienten oft nicht bewusste Beziehungsstrukturen aufgezeigt werden. Das kann ein wichtiger Schritt in Richtung L\u00f6sung sein. Die Systemische Beratung ist ressourcen- und l\u00f6sungsorientiert.<\/p>\n<p>&nbsp;<\/p>\n<p>Als Kommunikationstrainerin bin ich sensibel f\u00fcr die Kommunikationsmuster meiner Klienten. Besonders unter Paaren ist eine verst\u00e4ndnisf\u00f6rdernde Gespr\u00e4chsf\u00fchrung von gro\u00dfer Bedeutung. Ich mache sie auf eine eventuell ung\u00fcnstige Gespr\u00e4chsf\u00fchrung aufmerksam und zeige Alternativen auf.<\/p>\n<p>Um jedem Menschen in seiner individuellen Situation gerecht zu werden, wende ich zus\u00e4tzlich Elemente aus der Klientenzentrierten Gespr\u00e4chsf\u00fchrung nach Carl Rogers an. Hier stehen die Gef\u00fchle des Klienten im Focus der Aufmerksamkeit.<\/p>\n<p>Mit Paaren arbeite ich \u00fcberwiegend mit der Methode der Emotionsfokussierten Paartherapie &#8211; EFT, deren Grundlage die Bindungstheorie von John Bowlby ist.[\/vc_column_text][\/vc_column][vc_column width=&#8220;1\/6&#8243;][\/vc_column][\/vc_row][vc_row full_width=&#8220;0&#8243; full_height=&#8220;0&#8243; row_padding=&#8220;no_padding&#8220; particles=&#8220;0&#8243;][vc_column margin=&#8220;margin_bottom_grid&#8220; offset=&#8220;vc_col-md-6&#8243;]<div class=\"pl_fixed_ratio_media  \">\n    <div class=\"stretchy_wrapper ratio_16-9   bg_vcenter\" style=\"background-image: url('https:\/\/paartherapie-m\u00fcnsterland.de\/wp-content\/uploads\/2016\/02\/Harold-Navarro.jpg');\">\n      <img decoding=\"async\" alt=\"\" src=\"https:\/\/paartherapie-m\u00fcnsterland.de\/wp-content\/uploads\/2016\/02\/Harold-Navarro.jpg\">\n    <\/div>\n\n<\/div>[\/vc_column][vc_column offset=&#8220;vc_col-md-6&#8243;]<div class=\"section_header subtitle_bottom   fancy text-left\">\n\n    <p><strong>Paarberatung<\/strong><\/p>\n\n\n        <p ><\/p>\n<\/div>[vc_column_text]Die Entscheidung, einen Paartherapeuten aufzusuchen, f\u00e4llt oft sehr schwer. Viele sch\u00e4men sich, weil sie das Gef\u00fchl haben zu versagen. Doch keine Sorge: Sie haben nicht versagt! Krisen sind normal und wichtig.<\/p>\n<p>Ohne Krisen gibt es keine Ver\u00e4nderung.\u00a0Ich berate Sie neutral. Das hei\u00dft, ich schenke beiden Partnern die gleiche Aufmerksamkeit.[\/vc_column_text]<div class=\"plethora_button wpb_content_element   text-left \">\n    <a href=\"http:\/\/xn--paartherapie-mnsterland-ppc.de\/index.php\/paarberatung\/\" debug class=\" btn btn-secondary  \" title=\"\"  target=\"_self\">\n\n        \n        Mehr erfahren\n        \n\n    <\/a>\n<\/div>[\/vc_column][\/vc_row][vc_row full_width=&#8220;0&#8243; full_height=&#8220;0&#8243; row_padding=&#8220;no_padding&#8220; particles=&#8220;0&#8243; css=&#8220;.vc_custom_1494442441264{padding-top: 64px !important;}&#8220;][vc_column el_class=&#8220;col-md-push-6&#8243; margin=&#8220;margin_bottom_grid&#8220; offset=&#8220;vc_col-md-6&#8243;]<div class=\"pl_fixed_ratio_media  \">\n    <div class=\"stretchy_wrapper ratio_16-9   bg_vcenter\" style=\"background-image: url('https:\/\/paartherapie-m\u00fcnsterland.de\/wp-content\/uploads\/2017\/05\/Bryan-Brenneman-She-is-my-drug.jpg');\">\n      <img decoding=\"async\" alt=\"\" src=\"https:\/\/paartherapie-m\u00fcnsterland.de\/wp-content\/uploads\/2017\/05\/Bryan-Brenneman-She-is-my-drug.jpg\">\n    <\/div>\n\n<\/div>[\/vc_column][vc_column el_class=&#8220;col-md-pull-6&#8243; offset=&#8220;vc_col-md-6&#8243;]<div class=\"section_header subtitle_bottom   fancy text-left\">\n\n    <p><strong>Sexualberatung<\/strong><\/p>\n\n\n        <p ><\/p>\n<\/div>[vc_column_text]In unserer Gesellschaft ist Sex allgegenw\u00e4rtig. Trotzdem herrscht immer \u00f6fter Flaute im Bett. Vielen Menschen f\u00e4llt es nach wie vor schwer, \u00fcber ihre sexuelle Unzufriedenheit oder ihre sexuellen Probleme zu sprechen.<\/p>\n<p>Ich biete Sexualberatung f\u00fcr Paare sowie f\u00fcr Einzelpersonen an. Ich finde mit Ihnen eine gemeinsame Sprache \u00fcber Sexualit\u00e4t. Bei mir k\u00f6nnen Sie \u201eUnerh\u00f6rtes\u201c aussprechen. Als Paartherapeut unterliege ich der Schweigepflicht.[\/vc_column_text]<div class=\"plethora_button wpb_content_element   text-left \">\n    <a href=\"http:\/\/xn--paartherapie-mnsterland-ppc.de\/index.php\/sexualberatung\/\" debug class=\" btn btn-primary  \" title=\"\"  target=\"_self\">\n\n        \n        Mehr erfahren\n        \n\n    <\/a>\n<\/div>[\/vc_column][\/vc_row][vc_row full_width=&#8220;0&#8243; full_height=&#8220;0&#8243; row_padding=&#8220;no_padding&#8220; particles=&#8220;0&#8243; css=&#8220;.vc_custom_1494443215568{padding-top: 64px !important;}&#8220;][vc_column margin=&#8220;margin_bottom_grid&#8220; offset=&#8220;vc_col-md-6&#8243;]<div class=\"pl_fixed_ratio_media  \">\n    <div class=\"stretchy_wrapper ratio_16-9   bg_vcenter\" style=\"background-image: url('https:\/\/paartherapie-m\u00fcnsterland.de\/wp-content\/uploads\/2016\/02\/Alessandro-Valli.jpg');\">\n      <img decoding=\"async\" alt=\"\" src=\"https:\/\/paartherapie-m\u00fcnsterland.de\/wp-content\/uploads\/2016\/02\/Alessandro-Valli.jpg\">\n    <\/div>\n\n<\/div>[\/vc_column][vc_column offset=&#8220;vc_col-md-6&#8243;]<div class=\"section_header subtitle_bottom   fancy text-left\">\n\n    <p><strong>Einzelgespr\u00e4ch<\/strong><\/p>\n\n\n        <p ><\/p>\n<\/div>[vc_column_text]Das ganz allt\u00e4gliche \u201enormale\u201c Leben bringt viele Herausforderungen mit sich. Viele Menschen sehen sich mit Aufgaben und Situationen konfrontiert, von denen sie sich \u00fcberfordert f\u00fchlen und sich Hilfe und Unterst\u00fctzung w\u00fcnschen.<\/p>\n<p>Vielleicht brauchen Sie \u201enur\u201c einen Menschen, der Ihnen wertsch\u00e4tzend zuh\u00f6rt. Jemanden, dem Sie Ihr Herz aussch\u00fctten d\u00fcrfen. Jemanden, der Sie \u201eh\u00e4lt\u201c \u2026 der Sie \u201eaush\u00e4lt\u201c.[\/vc_column_text]<div class=\"plethora_button wpb_content_element   text-left \">\n    <a href=\"http:\/\/xn--paartherapie-mnsterland-ppc.de\/index.php\/einzelberatung\/\" debug class=\" btn btn-secondary  \" title=\"\"  target=\"_self\">\n\n        \n        Mehr erfahren\n        \n\n    <\/a>\n<\/div>[\/vc_column][\/vc_row][vc_row full_width=&#8220;0&#8243; full_height=&#8220;0&#8243; particles=&#8220;0&#8243;][vc_column same_height_col=&#8220;same_height_col&#8220;]<div class=\"section_header subtitle_bottom   fancy text-center\">\n\n    <h2>Mein Praxisraum<\/h2>\n\n\n        <p ><\/p>\n<\/div>[vc_single_image image=&#8220;500&#8243; img_size=&#8220;large&#8220; alignment=&#8220;center&#8220; style=&#8220;vc_box_border_circle&#8220;][\/vc_column][\/vc_row][vc_row full_width=&#8220;1&#8243; full_height=&#8220;0&#8243; row_padding=&#8220;no_padding&#8220; cols_valign=&#8220;vcenter&#8220; particles=&#8220;0&#8243; css=&#8220;.vc_custom_1494444088283{padding-top: 64px !important;}&#8220;][vc_column width=&#8220;1\/2&#8243; background=&#8220;bgimage&#8220; bgimage=&#8220;610&#8243; bgimage_valign=&#8220;bg_vtop&#8220; same_height_col=&#8220;same_height_col&#8220;][\/vc_column][vc_column width=&#8220;1\/2&#8243; color_set=&#8220;secondary_section&#8220; boxed=&#8220;boxed_plus&#8220; same_height_col=&#8220;same_height_col&#8220;][vc_empty_space height=&#8220;64px&#8220;]<div class=\"section_header subtitle_bottom   fancy text-left\">\n\n    <h3>3 x 3 &#8211; Das Paargespr\u00e4ch<\/h3>\n\n\n        <p >Meine Angebote f\u00fcr eine gl\u00fcckliche Partnerschaft<\/p>\n<\/div>[vc_column_text]Sie sind gl\u00fccklich miteinander und haben konkret keine (gro\u00dfen) Probleme?<\/p>\n<p>Sie m\u00f6chten sich gegenseitig neu oder noch besser kennen lernen?!<\/p>\n<p>Vielleicht m\u00f6chten Sie das Wissen erlangen, wie eine Beziehung lange gl\u00fccklich bleiben kann.[\/vc_column_text]<div class=\"plethora_button wpb_content_element   text-left \">\n    <a href=\"http:\/\/xn--paartherapie-mnsterland-ppc.de\/index.php\/3-x-3-das-paargespraech\/\" debug class=\" btn btn-primary  \" title=\"\"  target=\"_self\">\n\n        \n        Mehr erfahren\n        \n\n    <\/a>\n<\/div>[vc_empty_space][\/vc_column][\/vc_row]<\/p>\n","protected":false},"excerpt":{"rendered":"<p>[vc_row][vc_column width=&#8220;5\/6&#8243;][vc_column_text]Ich bin Diplom-Sozialp\u00e4dagogin\/Sozialarbeiterin,\u00a0Emotionsfokussierte Paartherapeutin,\u00a0Systemische Beraterin und Sozialtherapeutin, Sexualberaterin, Kommunikationstrainerin und Notfallseelsorgerin. Bei der Arbeit mit meinen Klienten orientiere ich mich an der Systemtheorie. Diese Theorie kennt kein \u201erichtig\u201c und kein \u201efalsch\u201c denn sie beurteilt weder den Menschen noch sein Verhalten. Sie selbst sind die Experten f\u00fcr die L\u00f6sung ihrer Probleme. Ich unterst\u00fctze sie darin, [&hellip;]<\/p>\n","protected":false},"author":1,"featured_media":612,"parent":0,"menu_order":0,"comment_status":"closed","ping_status":"closed","template":"","meta":{"_exactmetrics_skip_tracking":false,"_exactmetrics_sitenote_active":false,"_exactmetrics_sitenote_note":"","_exactmetrics_sitenote_category":0,"footnotes":""},"class_list":["post-112","page","type-page","status-publish","has-post-thumbnail","hentry"],"_links":{"self":[{"href":"https:\/\/xn--paartherapie-mnsterland-ppc.de\/index.php\/wp-json\/wp\/v2\/pages\/112","targetHints":{"allow":["GET"]}}],"collection":[{"href":"https:\/\/xn--paartherapie-mnsterland-ppc.de\/index.php\/wp-json\/wp\/v2\/pages"}],"about":[{"href":"https:\/\/xn--paartherapie-mnsterland-ppc.de\/index.php\/wp-json\/wp\/v2\/types\/page"}],"author":[{"embeddable":true,"href":"https:\/\/xn--paartherapie-mnsterland-ppc.de\/index.php\/wp-json\/wp\/v2\/users\/1"}],"replies":[{"embeddable":true,"href":"https:\/\/xn--paartherapie-mnsterland-ppc.de\/index.php\/wp-json\/wp\/v2\/comments?post=112"}],"version-history":[{"count":40,"href":"https:\/\/xn--paartherapie-mnsterland-ppc.de\/index.php\/wp-json\/wp\/v2\/pages\/112\/revisions"}],"predecessor-version":[{"id":1021,"href":"https:\/\/xn--paartherapie-mnsterland-ppc.de\/index.php\/wp-json\/wp\/v2\/pages\/112\/revisions\/1021"}],"wp:featuredmedia":[{"embeddable":true,"href":"https:\/\/xn--paartherapie-mnsterland-ppc.de\/index.php\/wp-json\/wp\/v2\/media\/612"}],"wp:attachment":[{"href":"https:\/\/xn--paartherapie-mnsterland-ppc.de\/index.php\/wp-json\/wp\/v2\/media?parent=112"}],"curies":[{"name":"wp","href":"https:\/\/api.w.org\/{rel}","templated":true}]}}